{"id":3717,"date":"2025-06-08T07:09:49","date_gmt":"2025-06-08T07:09:49","guid":{"rendered":"https:\/\/corrida-do-dragao.pt\/10km-course\/"},"modified":"2026-03-11T19:52:02","modified_gmt":"2026-03-11T19:52:02","slug":"10km-course","status":"publish","type":"page","link":"https:\/\/corrida-do-dragao.pt\/en\/10km-course\/","title":{"rendered":"10km Course"},"content":{"rendered":"\t\t<div data-elementor-type=\"wp-page\" data-elementor-id=\"3717\" class=\"elementor elementor-3717 elementor-2381\" data-elementor-post-type=\"page\">\n\t\t\t\t<div class=\"elementor-element elementor-element-600524ac e-con-full e-flex e-con e-parent\" data-id=\"600524ac\" data-element_type=\"container\" data-e-type=\"container\" id=\"home\" data-settings=\"{&quot;background_background&quot;:&quot;classic&quot;}\">\n\t\t<div class=\"elementor-element elementor-element-68488b07 e-flex e-con-boxed e-con e-child\" data-id=\"68488b07\" data-element_type=\"container\" data-e-type=\"container\">\n\t\t\t\t\t<div class=\"e-con-inner\">\n\t\t<div class=\"elementor-element elementor-element-563c9611 e-con-full e-flex e-con e-child\" data-id=\"563c9611\" data-element_type=\"container\" data-e-type=\"container\">\n\t\t\t\t<div class=\"elementor-element elementor-element-f0308af elementor-widget__width-initial elementor-widget-mobile__width-inherit elementor-widget elementor-widget-heading\" data-id=\"f0308af\" data-element_type=\"widget\" data-e-type=\"widget\" data-widget_type=\"heading.default\">\n\t\t\t\t<div class=\"elementor-widget-container\">\n\t\t\t\t\t<h1 class=\"elementor-heading-title elementor-size-default\">10 Km Course at the Est\u00e1Dio Do Drag\u00e3O<\/h1>\t\t\t\t<\/div>\n\t\t\t\t<\/div>\n\t\t\t\t<div class=\"elementor-element elementor-element-1f9f099 elementor-widget elementor-widget-text-editor\" data-id=\"1f9f099\" data-element_type=\"widget\" data-e-type=\"widget\" data-widget_type=\"text-editor.default\">\n\t\t\t\t<div class=\"elementor-widget-container\">\n\t\t\t\t\t\t\t\t\t<p>Surpass yourself. Run with determination. Run like a Dragon.  <\/p>\t\t\t\t\t\t\t\t<\/div>\n\t\t\t\t<\/div>\n\t\t\t\t<\/div>\n\t\t\t\t\t<\/div>\n\t\t\t\t<\/div>\n\t\t\t\t<\/div>\n\t\t<div class=\"elementor-element elementor-element-bc18699 e-con-full e-flex e-con e-parent\" data-id=\"bc18699\" data-element_type=\"container\" data-e-type=\"container\" data-settings=\"{&quot;background_background&quot;:&quot;classic&quot;}\">\n\t\t<div class=\"elementor-element elementor-element-ec35eca e-con-full e-flex e-con e-child\" data-id=\"ec35eca\" data-element_type=\"container\" data-e-type=\"container\">\n\t\t<div class=\"elementor-element elementor-element-3a32e4d e-flex e-con-boxed e-con e-child\" data-id=\"3a32e4d\" data-element_type=\"container\" data-e-type=\"container\">\n\t\t\t\t\t<div class=\"e-con-inner\">\n\t\t\t\t<div class=\"elementor-element elementor-element-b949731 elementor-widget elementor-widget-heading\" data-id=\"b949731\" data-element_type=\"widget\" data-e-type=\"widget\" data-widget_type=\"heading.default\">\n\t\t\t\t<div class=\"elementor-widget-container\">\n\t\t\t\t\t<div class=\"elementor-heading-title elementor-size-default\">\u2217 ROUTE \u2217<\/div>\t\t\t\t<\/div>\n\t\t\t\t<\/div>\n\t\t\t\t<div class=\"elementor-element elementor-element-1eb9762 elementor-widget__width-initial elementor-widget-mobile__width-inherit elementor-widget elementor-widget-heading\" data-id=\"1eb9762\" data-element_type=\"widget\" data-e-type=\"widget\" data-widget_type=\"heading.default\">\n\t\t\t\t<div class=\"elementor-widget-container\">\n\t\t\t\t\t<h2 class=\"elementor-heading-title elementor-size-default\"><span>10 Km Course<\/span> in Porto, Starting and Finishing at the Est\u00e1Dio Do Drag\u00e3O<\/h2>\t\t\t\t<\/div>\n\t\t\t\t<\/div>\n\t\t\t\t<div class=\"elementor-element elementor-element-b908959 elementor-widget__width-initial elementor-widget-mobile__width-inherit elementor-widget elementor-widget-text-editor\" data-id=\"b908959\" data-element_type=\"widget\" data-e-type=\"widget\" data-widget_type=\"text-editor.default\">\n\t\t\t\t<div class=\"elementor-widget-container\">\n\t\t\t\t\t\t\t\t\t<p>Ready to go further? <strong>The 10 km race <\/strong>of the <strong>Dragon Race 2026<\/strong> is made for those who live sport with passion, discipline, and blue and white soul.<\/p>\t\t\t\t\t\t\t\t<\/div>\n\t\t\t\t<\/div>\n\t\t\t\t<div class=\"elementor-element elementor-element-71dfa69 elementor-widget elementor-widget-html\" data-id=\"71dfa69\" data-element_type=\"widget\" data-e-type=\"widget\" data-widget_type=\"html.default\">\n\t\t\t\t<div class=\"elementor-widget-container\">\n\t\t\t\t\t<iframe src=\"https:\/\/ridewithgps.com\/embeds?type=route&amp;id=43294124&amp;sampleGraph=true\" style=\"\" scrolling=\"no\" class=\"map\"><\/iframe><style>.map {\n    width: 1440px !important;\n    min-width: 100% !important;\n    height: 700px !important; \n    border: none !important;\n}\n\n@media (max-width: 768px) {\n     .map {\n    width: 359px !important;\n    height: 400px !important;\n     }\n}\n<\/style>\t\t\t\t<\/div>\n\t\t\t\t<\/div>\n\t\t\t\t\t<\/div>\n\t\t\t\t<\/div>\n\t\t<div class=\"elementor-element elementor-element-e639c70 e-flex e-con-boxed e-con e-child\" data-id=\"e639c70\" data-element_type=\"container\" data-e-type=\"container\">\n\t\t\t\t\t<div class=\"e-con-inner\">\n\t\t<div class=\"elementor-element elementor-element-8a27a80 e-con-full e-flex e-con e-child\" data-id=\"8a27a80\" data-element_type=\"container\" data-e-type=\"container\">\n\t\t\t\t<div class=\"elementor-element elementor-element-b3c81ac elementor-widget elementor-widget-image\" data-id=\"b3c81ac\" data-element_type=\"widget\" data-e-type=\"widget\" data-widget_type=\"image.default\">\n\t\t\t\t<div class=\"elementor-widget-container\">\n\t\t\t\t\t\t\t\t\t\t\t\t\t\t\t<img fetchpriority=\"high\" decoding=\"async\" width=\"452\" height=\"505\" src=\"https:\/\/corrida-do-dragao.pt\/wp-content\/uploads\/2025\/06\/Image2.webp\" class=\"attachment-full size-full wp-image-3718\" alt=\"Est\u00e1dio do Drag\u00e3o - 5 KM e 10 KM\" srcset=\"https:\/\/corrida-do-dragao.pt\/wp-content\/uploads\/2025\/06\/Image2.webp 452w, https:\/\/corrida-do-dragao.pt\/wp-content\/uploads\/2025\/06\/Image2-269x300.webp 269w\" sizes=\"(max-width: 452px) 100vw, 452px\" \/>\t\t\t\t\t\t\t\t\t\t\t\t\t\t\t<\/div>\n\t\t\t\t<\/div>\n\t\t\t\t<\/div>\n\t\t<div class=\"elementor-element elementor-element-f366439 e-con-full e-flex e-con e-child\" data-id=\"f366439\" data-element_type=\"container\" data-e-type=\"container\">\n\t\t\t\t<div class=\"elementor-element elementor-element-cd47ebc elementor-widget elementor-widget-text-editor\" data-id=\"cd47ebc\" data-element_type=\"widget\" data-e-type=\"widget\" data-widget_type=\"text-editor.default\">\n\t\t\t\t<div class=\"elementor-widget-container\">\n\t\t\t\t\t\t\t\t\t<p>Starting and finishing at the legendary <strong>Est\u00e1dio do Drag\u00e3o<\/strong>, this course crosses the streets of the Invicta with energy, challenge, and emotion. It was designed to take you further, for you to surpass yourself with each kilometer. <\/p><p>More than a competition, it&#8217;s a statement of those who run for a purpose: for yourself, for the club, for the city.<\/p><p>In this race, you feel the support of thousands of Dragons who share each step with you. Every meter is conquered with effort, with pride, and with the strength of those representing FC Porto. <\/p>\t\t\t\t\t\t\t\t<\/div>\n\t\t\t\t<\/div>\n\t\t\t\t<\/div>\n\t\t\t\t\t<\/div>\n\t\t\t\t<\/div>\n\t\t\t\t<\/div>\n\t\t\t\t<\/div>\n\t\t<div class=\"elementor-element elementor-element-6a0d72a e-flex e-con-boxed e-con e-parent\" data-id=\"6a0d72a\" data-element_type=\"container\" data-e-type=\"container\">\n\t\t\t\t\t<div class=\"e-con-inner\">\n\t\t<div class=\"elementor-element elementor-element-a77871f e-con-full e-flex e-con e-child\" data-id=\"a77871f\" data-element_type=\"container\" data-e-type=\"container\">\n\t\t\t\t<div class=\"elementor-element elementor-element-65a4c45 elementor-widget elementor-widget-image\" data-id=\"65a4c45\" data-element_type=\"widget\" data-e-type=\"widget\" data-widget_type=\"image.default\">\n\t\t\t\t<div class=\"elementor-widget-container\">\n\t\t\t\t\t\t\t\t\t\t\t\t\t\t\t<img decoding=\"async\" width=\"136\" height=\"136\" src=\"https:\/\/corrida-do-dragao.pt\/wp-content\/uploads\/2025\/06\/Frame-427320912.svg\" class=\"attachment-full size-full wp-image-3625\" alt=\"Frame azul em c\u00edrculo com \u00edcone de pessoa correndo.\" \/>\t\t\t\t\t\t\t\t\t\t\t\t\t\t\t<\/div>\n\t\t\t\t<\/div>\n\t\t\t\t<div class=\"elementor-element elementor-element-62aa642 elementor-widget elementor-widget-text-editor\" data-id=\"62aa642\" data-element_type=\"widget\" data-e-type=\"widget\" data-widget_type=\"text-editor.default\">\n\t\t\t\t<div class=\"elementor-widget-container\">\n\t\t\t\t\t\t\t\t\t<p><strong>Official 10 km course through the city of Porto<\/strong><\/p>\t\t\t\t\t\t\t\t<\/div>\n\t\t\t\t<\/div>\n\t\t\t\t<\/div>\n\t\t<div class=\"elementor-element elementor-element-fd8f83f e-con-full e-flex e-con e-child\" data-id=\"fd8f83f\" data-element_type=\"container\" data-e-type=\"container\">\n\t\t\t\t<div class=\"elementor-element elementor-element-112c5ea elementor-widget elementor-widget-image\" data-id=\"112c5ea\" data-element_type=\"widget\" data-e-type=\"widget\" data-widget_type=\"image.default\">\n\t\t\t\t<div class=\"elementor-widget-container\">\n\t\t\t\t\t\t\t\t\t\t\t\t\t\t\t<img decoding=\"async\" width=\"136\" height=\"136\" src=\"https:\/\/corrida-do-dragao.pt\/wp-content\/uploads\/2025\/06\/Frame-427320914.svg\" class=\"attachment-full size-full wp-image-3627\" alt=\"\u00cdcone fam\u00edlia com fundo azul escuro.\" \/>\t\t\t\t\t\t\t\t\t\t\t\t\t\t\t<\/div>\n\t\t\t\t<\/div>\n\t\t\t\t<div class=\"elementor-element elementor-element-dc82c46 elementor-widget elementor-widget-text-editor\" data-id=\"dc82c46\" data-element_type=\"widget\" data-e-type=\"widget\" data-widget_type=\"text-editor.default\">\n\t\t\t\t<div class=\"elementor-widget-container\">\n\t\t\t\t\t\t\t\t\t<p><strong>Ideal for amateur athletes and experienced runners<\/strong><\/p>\t\t\t\t\t\t\t\t<\/div>\n\t\t\t\t<\/div>\n\t\t\t\t<\/div>\n\t\t<div class=\"elementor-element elementor-element-f1d9e2b e-con-full e-flex e-con e-child\" data-id=\"f1d9e2b\" data-element_type=\"container\" data-e-type=\"container\">\n\t\t\t\t<div class=\"elementor-element elementor-element-4509618 elementor-widget elementor-widget-image\" data-id=\"4509618\" data-element_type=\"widget\" data-e-type=\"widget\" data-widget_type=\"image.default\">\n\t\t\t\t<div class=\"elementor-widget-container\">\n\t\t\t\t\t\t\t\t\t\t\t\t\t\t\t<img loading=\"lazy\" decoding=\"async\" width=\"136\" height=\"136\" src=\"https:\/\/corrida-do-dragao.pt\/wp-content\/uploads\/2025\/06\/Frame-427320915.svg\" class=\"attachment-full size-full wp-image-3628\" alt=\"\u00cdcone localiza\u00e7\u00e3o com fundo azul.\" \/>\t\t\t\t\t\t\t\t\t\t\t\t\t\t\t<\/div>\n\t\t\t\t<\/div>\n\t\t\t\t<div class=\"elementor-element elementor-element-fc42549 elementor-widget elementor-widget-text-editor\" data-id=\"fc42549\" data-element_type=\"widget\" data-e-type=\"widget\" data-widget_type=\"text-editor.default\">\n\t\t\t\t<div class=\"elementor-widget-container\">\n\t\t\t\t\t\t\t\t\t<p><strong>Start at 10 am, at Est\u00e1dio do Drag\u00e3o<\/strong><\/p>\t\t\t\t\t\t\t\t<\/div>\n\t\t\t\t<\/div>\n\t\t\t\t<\/div>\n\t\t<div class=\"elementor-element elementor-element-d3a0b9f e-con-full e-flex e-con e-child\" data-id=\"d3a0b9f\" data-element_type=\"container\" data-e-type=\"container\">\n\t\t\t\t<div class=\"elementor-element elementor-element-3756646 elementor-widget elementor-widget-image\" data-id=\"3756646\" data-element_type=\"widget\" data-e-type=\"widget\" data-widget_type=\"image.default\">\n\t\t\t\t<div class=\"elementor-widget-container\">\n\t\t\t\t\t\t\t\t\t\t\t\t\t\t\t<img loading=\"lazy\" decoding=\"async\" width=\"137\" height=\"136\" src=\"https:\/\/corrida-do-dragao.pt\/wp-content\/uploads\/2025\/06\/Frame-427320913.svg\" class=\"attachment-full size-full wp-image-3626\" alt=\"\u00cdcone colete com fundo azul\" \/>\t\t\t\t\t\t\t\t\t\t\t\t\t\t\t<\/div>\n\t\t\t\t<\/div>\n\t\t\t\t<div class=\"elementor-element elementor-element-c77fbc4 elementor-widget elementor-widget-text-editor\" data-id=\"c77fbc4\" data-element_type=\"widget\" data-e-type=\"widget\" data-widget_type=\"text-editor.default\">\n\t\t\t\t<div class=\"elementor-widget-container\">\n\t\t\t\t\t\t\t\t\t<p><strong>Participation kit: bib number, official T-shirt, and medal<\/strong><\/p>\t\t\t\t\t\t\t\t<\/div>\n\t\t\t\t<\/div>\n\t\t\t\t<\/div>\n\t\t\t\t\t<\/div>\n\t\t\t\t<\/div>\n\t\t<div class=\"elementor-element elementor-element-50f5efe e-con-full e-flex e-con e-parent\" data-id=\"50f5efe\" data-element_type=\"container\" data-e-type=\"container\" data-settings=\"{&quot;background_background&quot;:&quot;classic&quot;}\">\n\t\t<div class=\"elementor-element elementor-element-2675686 e-con-full e-flex e-con e-child\" data-id=\"2675686\" data-element_type=\"container\" data-e-type=\"container\">\n\t\t<div class=\"elementor-element elementor-element-0794a8e e-flex e-con-boxed e-con e-child\" data-id=\"0794a8e\" data-element_type=\"container\" data-e-type=\"container\">\n\t\t\t\t\t<div class=\"e-con-inner\">\n\t\t\t\t<div class=\"elementor-element elementor-element-298f718 elementor-widget__width-initial elementor-widget-mobile__width-inherit elementor-widget elementor-widget-heading\" data-id=\"298f718\" data-element_type=\"widget\" data-e-type=\"widget\" data-widget_type=\"heading.default\">\n\t\t\t\t<div class=\"elementor-widget-container\">\n\t\t\t\t\t<h2 class=\"elementor-heading-title elementor-size-default\">Dragon Race 2026 is Coming.\n<br>And You? Have You Secured your Place yet? <\/h2>\t\t\t\t<\/div>\n\t\t\t\t<\/div>\n\t\t\t\t<div class=\"elementor-element elementor-element-b373d0c elementor-widget__width-initial elementor-widget elementor-widget-text-editor\" data-id=\"b373d0c\" data-element_type=\"widget\" data-e-type=\"widget\" data-widget_type=\"text-editor.default\">\n\t\t\t\t<div class=\"elementor-widget-container\">\n\t\t\t\t\t\t\t\t\t<p>Don&#8217;t miss the opportunity to be part of a unique moment, where blue and white pride is felt in every step, in every heartbeat.<\/p><p><strong>Let&#8217;s experience this emotion together. Run with us. Run as one.  <\/strong><\/p>\t\t\t\t\t\t\t\t<\/div>\n\t\t\t\t<\/div>\n\t\t\t\t\t<\/div>\n\t\t\t\t<\/div>\n\t\t\t\t<div class=\"elementor-element elementor-element-3a3421f elementor-align-justify elementor-widget-mobile__width-inherit elementor-widget elementor-widget-button\" data-id=\"3a3421f\" data-element_type=\"widget\" data-e-type=\"widget\" data-widget_type=\"button.default\">\n\t\t\t\t<div class=\"elementor-widget-container\">\n\t\t\t\t\t\t\t\t\t<div class=\"elementor-button-wrapper\">\n\t\t\t\t\t<a class=\"elementor-button elementor-button-link elementor-size-sm\" href=\"#\" target=\"_blank\">\n\t\t\t\t\t\t<span class=\"elementor-button-content-wrapper\">\n\t\t\t\t\t\t\t\t\t<span class=\"elementor-button-text\">Registration opening soon<\/span>\n\t\t\t\t\t<\/span>\n\t\t\t\t\t<\/a>\n\t\t\t\t<\/div>\n\t\t\t\t\t\t\t\t<\/div>\n\t\t\t\t<\/div>\n\t\t\t\t<\/div>\n\t\t\t\t<\/div>\n\t\t<div class=\"elementor-element elementor-element-774f5d3 e-con-full e-flex e-con e-parent\" data-id=\"774f5d3\" data-element_type=\"container\" data-e-type=\"container\" data-settings=\"{&quot;background_background&quot;:&quot;classic&quot;}\">\n\t\t<div class=\"elementor-element elementor-element-dc95cbd e-con-full e-flex e-con e-child\" data-id=\"dc95cbd\" data-element_type=\"container\" data-e-type=\"container\">\n\t\t\t\t<div class=\"elementor-element elementor-element-2fcebb0 elementor-widget elementor-widget-image-carousel\" data-id=\"2fcebb0\" data-element_type=\"widget\" data-e-type=\"widget\" data-settings=\"{&quot;slides_to_show&quot;:&quot;6&quot;,&quot;navigation&quot;:&quot;none&quot;,&quot;image_spacing_custom&quot;:{&quot;unit&quot;:&quot;px&quot;,&quot;size&quot;:0,&quot;sizes&quot;:[]},&quot;slides_to_show_tablet&quot;:&quot;4&quot;,&quot;slides_to_scroll&quot;:&quot;1&quot;,&quot;slides_to_show_mobile&quot;:&quot;2&quot;,&quot;autoplay&quot;:&quot;yes&quot;,&quot;pause_on_hover&quot;:&quot;yes&quot;,&quot;pause_on_interaction&quot;:&quot;yes&quot;,&quot;autoplay_speed&quot;:5000,&quot;infinite&quot;:&quot;yes&quot;,&quot;speed&quot;:500,&quot;image_spacing_custom_tablet&quot;:{&quot;unit&quot;:&quot;px&quot;,&quot;size&quot;:&quot;&quot;,&quot;sizes&quot;:[]},&quot;image_spacing_custom_mobile&quot;:{&quot;unit&quot;:&quot;px&quot;,&quot;size&quot;:&quot;&quot;,&quot;sizes&quot;:[]}}\" data-widget_type=\"image-carousel.default\">\n\t\t\t\t<div class=\"elementor-widget-container\">\n\t\t\t\t\t\t\t<div class=\"elementor-image-carousel-wrapper swiper\" role=\"region\" aria-roledescription=\"carousel\" aria-label=\"Image Carousel\" dir=\"ltr\">\n\t\t\t<div class=\"elementor-image-carousel swiper-wrapper swiper-image-stretch\" aria-live=\"off\">\n\t\t\t\t\t\t\t\t<div class=\"swiper-slide\" role=\"group\" aria-roledescription=\"slide\" aria-label=\"1 of 9\"><figure class=\"swiper-slide-inner\"><img decoding=\"async\" class=\"swiper-slide-image\" src=\"https:\/\/corrida-do-dragao.pt\/wp-content\/uploads\/2025\/06\/Image-9.webp\" alt=\"Imagem da linha de chegada da Corrida do Drag\u00e3o.\" \/><\/figure><\/div><div class=\"swiper-slide\" role=\"group\" aria-roledescription=\"slide\" aria-label=\"2 of 9\"><figure class=\"swiper-slide-inner\"><img decoding=\"async\" class=\"swiper-slide-image\" src=\"https:\/\/corrida-do-dragao.pt\/wp-content\/uploads\/2025\/06\/Image-8.webp\" alt=\"Homem com os bra\u00e7os levantados comemorando, enquanto outras pessoas observam e aplaudem.\" \/><\/figure><\/div><div class=\"swiper-slide\" role=\"group\" aria-roledescription=\"slide\" aria-label=\"3 of 9\"><figure class=\"swiper-slide-inner\"><img decoding=\"async\" class=\"swiper-slide-image\" src=\"https:\/\/corrida-do-dragao.pt\/wp-content\/uploads\/2025\/06\/Image-3.webp\" alt=\"Imagem a\u00e9rea de um grupo de pessoas correndo, com blusa azul, em um trajeto que forma a letra &quot;S&quot;.\" \/><\/figure><\/div><div class=\"swiper-slide\" role=\"group\" aria-roledescription=\"slide\" aria-label=\"4 of 9\"><figure class=\"swiper-slide-inner\"><img decoding=\"async\" class=\"swiper-slide-image\" src=\"https:\/\/corrida-do-dragao.pt\/wp-content\/uploads\/2025\/06\/Image-6.webp\" alt=\"Imagem de um homem com bon\u00e9 respirando fundo durante a corrida, com outras pessoas ao fundo.\" \/><\/figure><\/div><div class=\"swiper-slide\" role=\"group\" aria-roledescription=\"slide\" aria-label=\"5 of 9\"><figure class=\"swiper-slide-inner\"><img decoding=\"async\" class=\"swiper-slide-image\" src=\"https:\/\/corrida-do-dragao.pt\/wp-content\/uploads\/2025\/06\/Image-5.webp\" alt=\"Homem corre olhando para a c\u00e2mera, fazendo um cora\u00e7\u00e3o com as duas m\u00e3os.\" \/><\/figure><\/div><div class=\"swiper-slide\" role=\"group\" aria-roledescription=\"slide\" aria-label=\"6 of 9\"><figure class=\"swiper-slide-inner\"><img decoding=\"async\" class=\"swiper-slide-image\" src=\"https:\/\/corrida-do-dragao.pt\/wp-content\/uploads\/2025\/06\/Image-4.webp\" alt=\"Homem atravessa a linha de chegada da Corrida do Drag\u00e3o.\" \/><\/figure><\/div><div class=\"swiper-slide\" role=\"group\" aria-roledescription=\"slide\" aria-label=\"7 of 9\"><figure class=\"swiper-slide-inner\"><img decoding=\"async\" class=\"swiper-slide-image\" src=\"https:\/\/corrida-do-dragao.pt\/wp-content\/uploads\/2025\/06\/Image-2.webp\" alt=\"Imagem a\u00e9rea de v\u00e1rias pessoas correndo em bloco a Corrida do Drag\u00e3o, dentro da cidade.\" \/><\/figure><\/div><div class=\"swiper-slide\" role=\"group\" aria-roledescription=\"slide\" aria-label=\"8 of 9\"><figure class=\"swiper-slide-inner\"><img decoding=\"async\" class=\"swiper-slide-image\" src=\"https:\/\/corrida-do-dragao.pt\/wp-content\/uploads\/2025\/06\/Image-1.webp\" alt=\"Mulher faz a caminhada da Corrida do Drag\u00e3o, acompanhada de um cachorro e um beb\u00ea no carrinho.\" \/><\/figure><\/div><div class=\"swiper-slide\" role=\"group\" aria-roledescription=\"slide\" aria-label=\"9 of 9\"><figure class=\"swiper-slide-inner\"><img decoding=\"async\" class=\"swiper-slide-image\" src=\"https:\/\/corrida-do-dragao.pt\/wp-content\/uploads\/2025\/06\/Image.webp\" alt=\"Grupo de pessoas corre contra o sol a Corrida do Drag\u00e3o.\" \/><\/figure><\/div>\t\t\t<\/div>\n\t\t\t\t\t\t\t\n\t\t\t\t\t\t\t\t\t<\/div>\n\t\t\t\t\t\t<\/div>\n\t\t\t\t<\/div>\n\t\t\t\t<\/div>\n\t\t\t\t<\/div>\n\t\t\t\t<\/div>\n\t\t","protected":false},"excerpt":{"rendered":"<p>10 Km Course at the Est\u00e1Dio Do Drag\u00e3O Surpass yourself. Run with determination. Run like a Dragon. \u2217 ROUTE \u2217 10 Km Course in Porto, Starting and Finishing at the Est\u00e1Dio Do Drag\u00e3O Ready to go further? The 10 km race of the Dragon Race 2026 is made for those who live sport with passion, [&hellip;]<\/p>\n","protected":false},"author":1,"featured_media":0,"parent":0,"menu_order":0,"comment_status":"closed","ping_status":"closed","template":"","meta":{"_acf_changed":false,"inline_featured_image":false,"footnotes":""},"class_list":["post-3717","page","type-page","status-publish","hentry"],"acf":[],"_links":{"self":[{"href":"https:\/\/corrida-do-dragao.pt\/en\/wp-json\/wp\/v2\/pages\/3717","targetHints":{"allow":["GET"]}}],"collection":[{"href":"https:\/\/corrida-do-dragao.pt\/en\/wp-json\/wp\/v2\/pages"}],"about":[{"href":"https:\/\/corrida-do-dragao.pt\/en\/wp-json\/wp\/v2\/types\/page"}],"author":[{"embeddable":true,"href":"https:\/\/corrida-do-dragao.pt\/en\/wp-json\/wp\/v2\/users\/1"}],"replies":[{"embeddable":true,"href":"https:\/\/corrida-do-dragao.pt\/en\/wp-json\/wp\/v2\/comments?post=3717"}],"version-history":[{"count":9,"href":"https:\/\/corrida-do-dragao.pt\/en\/wp-json\/wp\/v2\/pages\/3717\/revisions"}],"predecessor-version":[{"id":4796,"href":"https:\/\/corrida-do-dragao.pt\/en\/wp-json\/wp\/v2\/pages\/3717\/revisions\/4796"}],"wp:attachment":[{"href":"https:\/\/corrida-do-dragao.pt\/en\/wp-json\/wp\/v2\/media?parent=3717"}],"curies":[{"name":"wp","href":"https:\/\/api.w.org\/{rel}","templated":true}]}}